{"id":17,"date":"2017-10-12T21:48:47","date_gmt":"2017-10-12T19:48:47","guid":{"rendered":"http:\/\/rosa-hilfe.de\/?page_id=17"},"modified":"2023-02-26T11:38:18","modified_gmt":"2023-02-26T10:38:18","slug":"rosa-hilfe-wuerzburg","status":"publish","type":"page","link":"http:\/\/www2.rosa-hilfe.de\/en\/","title":{"rendered":"Rosa Hilfe Wuerzburg"},"content":{"rendered":"<p><img loading=\"lazy\" decoding=\"async\" class=\"wp-image-1978 alignleft\" src=\"http:\/\/www2.rosa-hilfe.de\/wp-content\/uploads\/Logo_farbig_gefu\u0308llt.png\" alt=\"\" width=\"166\" height=\"188\" srcset=\"http:\/\/www2.rosa-hilfe.de\/wp-content\/uploads\/Logo_farbig_gefu\u0308llt.png 1292w, http:\/\/www2.rosa-hilfe.de\/wp-content\/uploads\/Logo_farbig_gefu\u0308llt-263x300.png 263w, http:\/\/www2.rosa-hilfe.de\/wp-content\/uploads\/Logo_farbig_gefu\u0308llt-899x1024.png 899w, http:\/\/www2.rosa-hilfe.de\/wp-content\/uploads\/Logo_farbig_gefu\u0308llt-768x874.png 768w\" sizes=\"(max-width: 166px) 100vw, 166px\" \/>The Rosa Hilfe W\u00fcrzburg provides counselling about queer topics to queer guys by queer guys.<\/p>\n<div id=\"wrapper\">\n<div id=\"container\">\n<div id=\"main\">\n<div class=\"inside\">\n<div id=\"startseite\" class=\"mod_article block\">\n<div class=\"ce_text block\">We, the ROSA HILFE W\u00fcrzburg (&#8220;Pink Help W\u00fcrzburg&#8221;), have formed a consulting team under the roof of the W\u00fcrzburg&#8217;s queer centre WuF. We are men of different ages and different professions. Some of us have a psychological or socio-pedagogical education\u00a0 but not all of us. We all regularly take part in courses and further training measures for interviewing and counselling.<\/div>\n<div>\u00a0<\/div>\n<div class=\"ce_text block\"><img loading=\"lazy\" decoding=\"async\" class=\" wp-image-1993 alignright\" src=\"http:\/\/www2.rosa-hilfe.de\/wp-content\/uploads\/Logo-WuF-Zentrum_gross_transparent.png\" alt=\"\" width=\"344\" height=\"92\" srcset=\"http:\/\/www2.rosa-hilfe.de\/wp-content\/uploads\/Logo-WuF-Zentrum_gross_transparent.png 1415w, http:\/\/www2.rosa-hilfe.de\/wp-content\/uploads\/Logo-WuF-Zentrum_gross_transparent-300x80.png 300w, http:\/\/www2.rosa-hilfe.de\/wp-content\/uploads\/Logo-WuF-Zentrum_gross_transparent-1024x274.png 1024w, http:\/\/www2.rosa-hilfe.de\/wp-content\/uploads\/Logo-WuF-Zentrum_gross_transparent-768x205.png 768w\" sizes=\"(max-width: 344px) 100vw, 344px\" \/>We are supported by our <a href=\"https:\/\/www.wufzentrum.de\/\" target=\"_blank\" rel=\"noopener noreferrer\">WuF-Zentrum<\/a> as well as the city of W\u00fcrzburg with which department of social activities we are affiliated.<\/div>\n<div>\u00a0<\/div>\n<h4 class=\"ce_text block\"><em>Your Pink Helpers<\/em><\/h4>\n<\/div>\n<\/div>\n<\/div>\n<\/div>\n<\/div>\n\n\n<p><\/p>\n","protected":false},"excerpt":{"rendered":"<p>The Rosa Hilfe W\u00fcrzburg provides counselling about queer topics to queer guys by queer guys. We, the ROSA HILFE W\u00fcrzburg (&#8220;Pink Help W\u00fcrzburg&#8221;), have formed a consulting team under the roof of the W\u00fcrzburg&#8217;s queer centre WuF. We are men of different ages and different professions. Some of us have a psychological or socio-pedagogical education\u00a0 [&hellip;]<\/p>\n","protected":false},"author":1,"featured_media":0,"parent":0,"menu_order":0,"comment_status":"closed","ping_status":"closed","template":"","meta":{"_themeisle_gutenberg_block_has_review":false,"footnotes":""},"class_list":["post-17","page","type-page","status-publish","hentry"],"translation":{"provider":"WPGlobus","version":"2.12.2","language":"en","enabled_languages":["de","en"],"languages":{"de":{"title":true,"content":true,"excerpt":false},"en":{"title":true,"content":true,"excerpt":false}}},"_links":{"self":[{"href":"http:\/\/www2.rosa-hilfe.de\/en\/wp-json\/wp\/v2\/pages\/17"}],"collection":[{"href":"http:\/\/www2.rosa-hilfe.de\/en\/wp-json\/wp\/v2\/pages"}],"about":[{"href":"http:\/\/www2.rosa-hilfe.de\/en\/wp-json\/wp\/v2\/types\/page"}],"author":[{"embeddable":true,"href":"http:\/\/www2.rosa-hilfe.de\/en\/wp-json\/wp\/v2\/users\/1"}],"replies":[{"embeddable":true,"href":"http:\/\/www2.rosa-hilfe.de\/en\/wp-json\/wp\/v2\/comments?post=17"}],"version-history":[{"count":83,"href":"http:\/\/www2.rosa-hilfe.de\/en\/wp-json\/wp\/v2\/pages\/17\/revisions"}],"predecessor-version":[{"id":2004,"href":"http:\/\/www2.rosa-hilfe.de\/en\/wp-json\/wp\/v2\/pages\/17\/revisions\/2004"}],"wp:attachment":[{"href":"http:\/\/www2.rosa-hilfe.de\/en\/wp-json\/wp\/v2\/media?parent=17"}],"curies":[{"name":"wp","href":"https:\/\/api.w.org\/{rel}","templated":true}]}}